

{"id":1516,"date":"2022-12-03T12:55:14","date_gmt":"2022-12-03T12:55:14","guid":{"rendered":"https:\/\/ff-os-stadtmitte.de\/?page_id=1516"},"modified":"2022-12-03T13:06:07","modified_gmt":"2022-12-03T13:06:07","slug":"foerderverein","status":"publish","type":"page","link":"https:\/\/ff-os-stadtmitte.de\/?page_id=1516","title":{"rendered":"F\u00f6rderverein"},"content":{"rendered":"\n\n\n<p class=\"is-layout-flex wp-container-11 wp-block-columns alignwide\">Die Ortsfeuerwehren der Stadt Osnabr\u00fcck- sowie \u00f6ffentliche Feuerwehren im Allgemeinen &#8211; unterstehen einer beh\u00f6rdlichen Verwaltung, weshalb sie keine eigenen Gelder verwalten d\u00fcrfen. Aus diesem Grund wurde ein Verein zum Zweck der finanziellen Unterst\u00fctzung der Ortsfeuerwehr Stadtmitte gegr\u00fcndet.<\/p>\n\n\n\n<p class=\"is-layout-flex wp-container-11 wp-block-columns alignwide\">So sind neben den Kameradinnen und Kameraden der Freiwilligen Feuerwehr weitere Mitb\u00fcrgerinnen und Mitb\u00fcrger der Stadt Teil des Vereins. Alle finanziellen Mittel, die der Verein zur Verf\u00fcgung hat, werden f\u00fcr die unterschiedlichen Abteilungen der Feuerwehr&nbsp;verwendet.<\/p>\n\n\n\n<p class=\"is-layout-flex wp-container-11 wp-block-columns alignwide\">Weitestgehend alle \u00f6ffentlichen Veranstaltungen, wie beispielsweise der Adventsmarkt, Tag der offenen T\u00fcr oder die Tannenbaumsammelaktion, werden durch den F\u00f6rderverein organisiert und durchgef\u00fchrt. Alle daraus gewonnen Erl\u00f6se kommen ebenfalls der Ortsfeuerwehr zu Gute.<\/p>\n\n\n\n<div class=\"wp-block-nextend-smartslider3\"><\/div>\n","protected":false},"excerpt":{"rendered":"<p>Die Ortsfeuerwehren der Stadt Osnabr\u00fcck- sowie \u00f6ffentliche Feuerwehren im Allgemeinen &#8211; unterstehen einer beh\u00f6rdlichen Verwaltung, weshalb sie keine eigenen Gelder verwalten d\u00fcrfen. Aus diesem Grund wurde ein Verein zum Zweck der finanziellen Unterst\u00fctzung der Ortsfeuerwehr Stadtmitte gegr\u00fcndet. So sind neben den Kameradinnen und Kameraden der Freiwilligen Feuerwehr weitere Mitb\u00fcrgerinnen und Mitb\u00fcrger der Stadt Teil des [&hellip;]<\/p>\n","protected":false},"author":11,"featured_media":0,"parent":0,"menu_order":0,"comment_status":"closed","ping_status":"closed","template":"","meta":[],"_links":{"self":[{"href":"https:\/\/ff-os-stadtmitte.de\/index.php?rest_route=\/wp\/v2\/pages\/1516"}],"collection":[{"href":"https:\/\/ff-os-stadtmitte.de\/index.php?rest_route=\/wp\/v2\/pages"}],"about":[{"href":"https:\/\/ff-os-stadtmitte.de\/index.php?rest_route=\/wp\/v2\/types\/page"}],"author":[{"embeddable":true,"href":"https:\/\/ff-os-stadtmitte.de\/index.php?rest_route=\/wp\/v2\/users\/11"}],"replies":[{"embeddable":true,"href":"https:\/\/ff-os-stadtmitte.de\/index.php?rest_route=%2Fwp%2Fv2%2Fcomments&post=1516"}],"version-history":[{"count":2,"href":"https:\/\/ff-os-stadtmitte.de\/index.php?rest_route=\/wp\/v2\/pages\/1516\/revisions"}],"predecessor-version":[{"id":1537,"href":"https:\/\/ff-os-stadtmitte.de\/index.php?rest_route=\/wp\/v2\/pages\/1516\/revisions\/1537"}],"wp:attachment":[{"href":"https:\/\/ff-os-stadtmitte.de\/index.php?rest_route=%2Fwp%2Fv2%2Fmedia&parent=1516"}],"curies":[{"name":"wp","href":"https:\/\/api.w.org\/{rel}","templated":true}]}}