

{"id":1494,"date":"2022-12-03T12:34:09","date_gmt":"2022-12-03T12:34:09","guid":{"rendered":"https:\/\/ff-os-stadtmitte.de\/?page_id=1494"},"modified":"2023-03-15T16:26:01","modified_gmt":"2023-03-15T16:26:01","slug":"abteilungen","status":"publish","type":"page","link":"https:\/\/ff-os-stadtmitte.de\/?page_id=1494","title":{"rendered":"Abteilungen"},"content":{"rendered":"\n<p class=\"is-layout-flex wp-container-11 wp-block-columns alignwide\">Die Ortsfeuerwehr Stadtmitte umfasst ingesamt etwa 100 Kameradinnen und Kameraden, die sich je nach Funktion und Alter in unterschiedliche Abteilungen aufteilen.<\/p>\n\n\n\n<p class=\"is-layout-flex wp-container-11 wp-block-columns alignwide\">Eine &#8222;klassische Karriere&#8220; beginnt bei uns mit dem Eintritt in die Kinderfeuerwehr &#8211; den J\u00fcngsten aller Mitglieder. Anschlie\u00dfend tritt man in die Jugendfeuerwehr \u00fcber, bevor man mit 18 Jahren in die Einsatzabteilung wechselt. Nachdem man sich \u00fcber vielen Jahren hinweg ehrenamtliche engagiert hat, darf man mit 67 Jahren in die Alters- und Ehrenabteilung \u00fcbergehen.<\/p>\n\n\n\n<h2>Einsatzabteilung<\/h2>\n\n\n\n<p class=\"is-layout-flex wp-container-11 wp-block-columns alignwide\">Die Einsatzabteilung ist die wahrscheinlich bekannteste Abteilung einer jeden Feuerwehr, da sie aufgrund ihrer T\u00e4tigkeiten im Rahmen von Eins\u00e4tzen die gr\u00f6\u00dfte \u00f6ffentliche Aufmerksamkeit erh\u00e4lt.<\/p>\n\n\n\n<p class=\"is-layout-flex wp-container-11 wp-block-columns alignwide\">Unsere Einsatzabteilung umfasst gut 50 Frauen und M\u00e4nner im Alter von 18 bis 67 Jahren, die sich jeden Montag von 19:30 &#8211; 22:00 Uhr am Feuerwehrhaus zum Dienstabend einfinden. Auch wenn die realen Eins\u00e4tze gl\u00fccklicherweise zunehmend weniger werden, darf dies nicht dazu f\u00fchren, die Routine und Praxis zu verlieren. Aus diesem Grund besch\u00e4ftigen wir uns w\u00f6chentlich neben der Brandbek\u00e4mpfung auch mit Themen wie beispielsweise der technischen Hilfeleistung bei einem Verkehrsunfall, Versorgung und Betreuung von Patienten, Einsatztaktiken f\u00fcr F\u00fchrungskr\u00e4fte, technische Hilfeleistung bei Unwetter, uvm.<\/p>\n\n\n\n<div class=\"wp-block-nextend-smartslider3\"><\/div>\n\n\n\n<h2>Jugendfeuerwehr<\/h2>\n\n\n\n<p class=\"is-layout-flex wp-container-11 wp-block-columns alignwide\">Wie aus dem Sport bekannt betreibt eine Freiwillige Feuerwehr auch eine Art Nachwuchsabteilung &#8211; die Jugendfeuerwehr. Die rund 20 Jugendlichen im Alter von 10 bis 18 Jahren treffen sich jeden Mittwoch von 18:00 &#8211; 20:00 Uhr am Feuerwehrhaus.<\/p>\n\n\n\n<p class=\"is-layout-flex wp-container-11 wp-block-columns alignwide\">Zu den Dienstinhalten z\u00e4hlen neben der feuerwehrtechnischen Ausbildung auch allgemeine Jugendarbeit und Freizeitaktivit\u00e4ten.&nbsp; Dar\u00fcber hinaus finden an vielen Wochenenden Aktivit\u00e4ten statt, wie zum Beispiel die Teilnahme an verschiedenen Wettk\u00e4mpfen, die Leistungsspange und Sportwettk\u00e4mpfe. Auch Umweltaktionen, \u00d6ffentlichkeitsarbeit, Schwimmen, \u00dcbernachtungen, die Tannenbaumsammelaktion, das Jugendzeltlager und gemeinsames \u00dcben mit den Aktiven werden durchgef\u00fchrt.<\/p>\n\n\n\n<p class=\"is-layout-flex wp-container-11 wp-block-columns alignwide\">Und auch demokratisches Verhalten soll erlebt und gelernt werden. So w\u00e4hlen die Jugendlichen aus ihren Reihen einen eigenen Jugendsprecher. Hier werden Anregungen aus den Gruppen aufgenommen und gemeinsame Aktionen geplant.<\/p>\n\n\n\n<div class=\"wp-block-nextend-smartslider3\"><\/div>\n\n\n\n<h2>Kinderfeuerwehr<\/h2>\n\n\n\n<p class=\"is-layout-flex wp-container-11 wp-block-columns alignwide\">Die Abteilung unserer j\u00fcngsten L\u00f6schkr\u00e4fte umfasst 15 Kinder im Alter von 6 &#8211; 10 Jahren, die sich alle 14 Tage samstags am Feuerwehrhaus treffen.<\/p>\n\n\n\n<div class=\"wp-block-nextend-smartslider3\"><\/div>\n\n\n\n<p><\/p>\n","protected":false},"excerpt":{"rendered":"<p>Die Ortsfeuerwehr Stadtmitte umfasst ingesamt etwa 100 Kameradinnen und Kameraden, die sich je nach Funktion und Alter in unterschiedliche Abteilungen aufteilen. Eine &#8222;klassische Karriere&#8220; beginnt bei uns mit dem Eintritt in die Kinderfeuerwehr &#8211; den J\u00fcngsten aller Mitglieder. Anschlie\u00dfend tritt man in die Jugendfeuerwehr \u00fcber, bevor man mit 18 Jahren in die Einsatzabteilung wechselt. Nachdem [&hellip;]<\/p>\n","protected":false},"author":11,"featured_media":0,"parent":0,"menu_order":0,"comment_status":"closed","ping_status":"closed","template":"","meta":[],"_links":{"self":[{"href":"https:\/\/ff-os-stadtmitte.de\/index.php?rest_route=\/wp\/v2\/pages\/1494"}],"collection":[{"href":"https:\/\/ff-os-stadtmitte.de\/index.php?rest_route=\/wp\/v2\/pages"}],"about":[{"href":"https:\/\/ff-os-stadtmitte.de\/index.php?rest_route=\/wp\/v2\/types\/page"}],"author":[{"embeddable":true,"href":"https:\/\/ff-os-stadtmitte.de\/index.php?rest_route=\/wp\/v2\/users\/11"}],"replies":[{"embeddable":true,"href":"https:\/\/ff-os-stadtmitte.de\/index.php?rest_route=%2Fwp%2Fv2%2Fcomments&post=1494"}],"version-history":[{"count":4,"href":"https:\/\/ff-os-stadtmitte.de\/index.php?rest_route=\/wp\/v2\/pages\/1494\/revisions"}],"predecessor-version":[{"id":1586,"href":"https:\/\/ff-os-stadtmitte.de\/index.php?rest_route=\/wp\/v2\/pages\/1494\/revisions\/1586"}],"wp:attachment":[{"href":"https:\/\/ff-os-stadtmitte.de\/index.php?rest_route=%2Fwp%2Fv2%2Fmedia&parent=1494"}],"curies":[{"name":"wp","href":"https:\/\/api.w.org\/{rel}","templated":true}]}}